{"id":1240,"date":"2026-03-20T04:51:55","date_gmt":"2026-03-20T04:51:55","guid":{"rendered":"https:\/\/gex.giannarelli.ch\/impressum\/"},"modified":"2026-04-16T08:45:06","modified_gmt":"2026-04-16T08:45:06","slug":"impressum","status":"publish","type":"page","link":"https:\/\/gex.giannarelli.ch\/de\/impressum\/","title":{"rendered":"Impressum"},"content":{"rendered":"\t\t<div data-elementor-type=\"wp-page\" data-elementor-id=\"1240\" class=\"elementor elementor-1240 elementor-1067\" data-elementor-post-type=\"page\">\n\t\t\t\t<div class=\"elementor-element elementor-element-c773988 e-flex e-con-boxed wpr-particle-no wpr-jarallax-no wpr-parallax-no wpr-sticky-section-no wpr-equal-height-no e-con e-parent\" data-id=\"c773988\" data-element_type=\"container\" data-e-type=\"container\">\n\t\t\t\t\t<div class=\"e-con-inner\">\n\t\t\t\t<div class=\"elementor-element elementor-element-1dc59db elementor-widget elementor-widget-heading\" data-id=\"1dc59db\" data-element_type=\"widget\" data-e-type=\"widget\" data-widget_type=\"heading.default\">\n\t\t\t\t\t<h3 class=\"elementor-heading-title elementor-size-default\">Impressum<\/h3>\t\t\t\t<\/div>\n\t\t\t\t<div class=\"elementor-element elementor-element-cf1e6c6 elementor-widget elementor-widget-text-editor\" data-id=\"cf1e6c6\" data-element_type=\"widget\" data-e-type=\"widget\" data-widget_type=\"text-editor.default\">\n\t\t\t\t\t\t\t\t\t<p><strong>Gex sa L\u00fcftung \u2013 Klimaanlage<\/strong><br>Eichenpfad 39<br>Eagle von 1860<br>T +41 24 463 90 80<br>info@gexsa.ch<\/p><p><strong>Person, die befugt ist, das Unternehmen zu vertreten<\/strong><br>Sami Imeri<\/p>\t\t\t\t\t\t\t\t<\/div>\n\t\t\t\t<div class=\"elementor-element elementor-element-48ea0f1 elementor-widget elementor-widget-heading\" data-id=\"48ea0f1\" data-element_type=\"widget\" data-e-type=\"widget\" data-widget_type=\"heading.default\">\n\t\t\t\t\t<h3 class=\"elementor-heading-title elementor-size-default\">Rechtliche Mitteilung<\/h3>\t\t\t\t<\/div>\n\t\t\t\t<div class=\"elementor-element elementor-element-8d02c65 elementor-widget elementor-widget-text-editor\" data-id=\"8d02c65\" data-element_type=\"widget\" data-e-type=\"widget\" data-widget_type=\"text-editor.default\">\n\t\t\t\t\t\t\t\t\t<p><strong>Firmenname, eingetragen im Handelsregister:<\/strong><br>GEX SA Ventilation \u2013 Klimaanlage<\/p><p><strong>Eagle<\/strong><br>RC Ref. Nr.: CH-550-1023399-0<br>IDE: CHE-105.727.357<\/p><p><strong>Satigny<\/strong><br>RC Ref. Nr.: CH-660-0192023-3<br>IDE: CHE-263.067.005<\/p><p><strong>Haftungsausschluss<\/strong><br>Die Informationen in dieser App werden regelm\u00e4\u00dfig \u00fcberpr\u00fcft und aktualisiert. Trotz aller Sorgfalt ist es m\u00f6glich, dass sich in der Zwischenzeit einige Daten ge\u00e4ndert haben. Der Autor \u00fcbernimmt daher keine Haftung f\u00fcr die Korrektheit, Genauigkeit, Aktualit\u00e4t, Zuverl\u00e4ssigkeit und Vollst\u00e4ndigkeit dieser Informationen.<br>Haftungsanspr\u00fcche gegen den Autor f\u00fcr jegliche materielle oder nicht-materielle Sch\u00e4den, die aus dem Zugang zu oder der Nutzung oder Nichtnutzung der ver\u00f6ffentlichten Informationen sowie Missbrauch der Verbindung oder technischen M\u00e4ngeln resultieren, sind ausgeschlossen.<br>Alle Angebote sind unverbindlich. Der Autor beh\u00e4lt sich ausdr\u00fccklich das Recht vor, Teile der App oder des gesamten Angebots ohne vorherige Vorank\u00fcndigung zu \u00e4ndern, zu erg\u00e4nzen oder zu l\u00f6schen oder die Ver\u00f6ffentlichung der Informationen einzustellen oder dauerhaft einzustellen.<\/p><p><strong>Haftung f\u00fcr Links<\/strong><br>Wir \u00fcbernehmen keine Haftung f\u00fcr Verweise und Links zu Drittanbieter-Websites. Jegliche Haftung im Zusammenhang mit diesen Websites ist ausgeschlossen. Der Zugang zu und die Nutzung dieser Seiten erfolgt auf eigenes Risiko des Nutzers.<\/p><p><strong>Urheberrecht<\/strong><br>Das Urheberrecht und alle weiteren Rechte an Inhalten, Bildern, Fotos oder anderen Dateien in dieser App liegen ausschlie\u00dflich beim Autor oder den Inhabern der genannten Rechte. Jegliches Herunterladen, Kopieren, Bearbeiten, \u00dcbersetzen, Aufzeichnen, Verarbeiten oder Reproduzieren von Inhalten in Datenbanken oder anderen elektronischen Medien und Systemen zu kommerziellen Zwecken ist ohne vorherige schriftliche Zustimmung der Rechteinhaber verboten. Fotokopien und Downloads der App sind nur f\u00fcr pers\u00f6nliche, private und nicht-kommerzielle Zwecke erlaubt.<\/p>\t\t\t\t\t\t\t\t<\/div>\n\t\t\t\t\t<\/div>\n\t\t\t\t<\/div>\n\t\t\t\t<\/div>\n\t\t","protected":false},"excerpt":{"rendered":"<p>Impressum Gex sa L\u00fcftung \u2013 KlimaanlageEichenpfad 39Eagle von 1860T +41 24 463 90 80info@gexsa.ch Person, die befugt ist, das Unternehmen zu vertretenSami Imeri Rechtliche Mitteilung Firmenname, eingetragen im Handelsregister:GEX SA Ventilation \u2013 Klimaanlage EagleRC Ref. Nr.: CH-550-1023399-0IDE: CHE-105.727.357 SatignyRC Ref. Nr.: CH-660-0192023-3IDE: CHE-263.067.005 HaftungsausschlussDie Informationen in dieser App werden regelm\u00e4\u00dfig \u00fcberpr\u00fcft und aktualisiert. Trotz aller Sorgfalt ist es m\u00f6glich, dass sich in der Zwischenzeit einige Daten ge\u00e4ndert haben. Der Autor \u00fcbernimmt daher keine Haftung f\u00fcr die Korrektheit, Genauigkeit, Aktualit\u00e4t, Zuverl\u00e4ssigkeit und Vollst\u00e4ndigkeit dieser Informationen.Haftungsanspr\u00fcche gegen den Autor f\u00fcr jegliche materielle oder nicht-materielle Sch\u00e4den, die aus dem Zugang zu oder der Nutzung oder Nichtnutzung der ver\u00f6ffentlichten Informationen sowie Missbrauch der Verbindung oder technischen M\u00e4ngeln resultieren, sind ausgeschlossen.Alle Angebote sind unverbindlich. Der Autor beh\u00e4lt sich ausdr\u00fccklich das Recht vor, Teile der App oder des gesamten Angebots ohne vorherige Vorank\u00fcndigung zu \u00e4ndern, zu erg\u00e4nzen oder zu l\u00f6schen oder die Ver\u00f6ffentlichung der Informationen einzustellen oder dauerhaft einzustellen. Haftung f\u00fcr LinksWir \u00fcbernehmen keine Haftung f\u00fcr Verweise und Links zu Drittanbieter-Websites. Jegliche Haftung im Zusammenhang mit diesen Websites ist ausgeschlossen. Der Zugang zu und die Nutzung dieser Seiten erfolgt auf eigenes Risiko des Nutzers. UrheberrechtDas Urheberrecht und alle weiteren Rechte an Inhalten, Bildern, Fotos oder anderen Dateien in dieser App liegen ausschlie\u00dflich beim Autor oder den Inhabern der genannten Rechte. Jegliches Herunterladen, Kopieren, Bearbeiten, \u00dcbersetzen, Aufzeichnen, Verarbeiten oder Reproduzieren von Inhalten in Datenbanken oder anderen elektronischen Medien und Systemen zu kommerziellen Zwecken ist ohne vorherige schriftliche Zustimmung der Rechteinhaber verboten. Fotokopien und Downloads der App sind nur f\u00fcr pers\u00f6nliche, private und nicht-kommerzielle Zwecke erlaubt.<\/p>\n","protected":false},"author":1,"featured_media":0,"parent":0,"menu_order":0,"comment_status":"closed","ping_status":"closed","template":"elementor_header_footer","meta":{"footnotes":""},"class_list":["post-1240","page","type-page","status-publish","hentry"],"_links":{"self":[{"href":"https:\/\/gex.giannarelli.ch\/de\/wp-json\/wp\/v2\/pages\/1240","targetHints":{"allow":["GET"]}}],"collection":[{"href":"https:\/\/gex.giannarelli.ch\/de\/wp-json\/wp\/v2\/pages"}],"about":[{"href":"https:\/\/gex.giannarelli.ch\/de\/wp-json\/wp\/v2\/types\/page"}],"author":[{"embeddable":true,"href":"https:\/\/gex.giannarelli.ch\/de\/wp-json\/wp\/v2\/users\/1"}],"replies":[{"embeddable":true,"href":"https:\/\/gex.giannarelli.ch\/de\/wp-json\/wp\/v2\/comments?post=1240"}],"version-history":[{"count":1,"href":"https:\/\/gex.giannarelli.ch\/de\/wp-json\/wp\/v2\/pages\/1240\/revisions"}],"predecessor-version":[{"id":1241,"href":"https:\/\/gex.giannarelli.ch\/de\/wp-json\/wp\/v2\/pages\/1240\/revisions\/1241"}],"wp:attachment":[{"href":"https:\/\/gex.giannarelli.ch\/de\/wp-json\/wp\/v2\/media?parent=1240"}],"curies":[{"name":"wp","href":"https:\/\/api.w.org\/{rel}","templated":true}]}}